{"id":50,"date":"2017-05-02T16:00:17","date_gmt":"2017-05-02T16:00:17","guid":{"rendered":"https:\/\/victorthemes.com\/themes\/brixey\/?page_id=50"},"modified":"2023-03-13T15:57:57","modified_gmt":"2023-03-13T12:57:57","slug":"hakkimizda","status":"publish","type":"page","link":"https:\/\/serifogullari.com\/?page_id=50","title":{"rendered":"Hakk\u0131m\u0131zda"},"content":{"rendered":"<p>[vc_row overlay_dotted=&#8221;&#8221; el_class=&#8221;container about-picture&#8221; css=&#8221;.vc_custom_1594816299621{padding-right: 0px !important;padding-left: 0px !important;}&#8221;][vc_column css=&#8221;.vc_custom_1494849126707{padding-right: 0px !important;padding-left: 0px !important;}&#8221;][\/vc_column][\/vc_row][vc_row overlay_dotted=&#8221;&#8221; el_class=&#8221;container brxy-itroduction&#8221; css=&#8221;.vc_custom_1493947813808{padding-bottom: 100px !important;}&#8221;][vc_column width=&#8221;1\/2&#8243; css=&#8221;.vc_custom_1494849202195{padding-left: 0px !important;}&#8221;][vc_column_text]<div class=\"brxy-title brxy-title-1 brxy-title-69d0f89567be8\">Hakk\u0131m\u0131zda K\u0131sa Bilgi<\/div>\n<p>&#8220;Babadan o\u011fula, o\u011fuldan toruna 30 y\u0131ll\u0131k bir aile gelene\u011fidir \u015eerifo\u011fullar\u0131.&#8221;<\/p>\n<p>30 y\u0131l \u00f6nce b\u00fcy\u00fcklerimizin ba\u015flatt\u0131\u011f\u0131 bu heyecan cam ve metal ustal\u0131\u011f\u0131yla ba\u015flad\u0131.G\u00fcn\u00fcm\u00fczde teknoloji ve sanat ile birle\u015ftirilerek kalite ve vizyondan \u00f6d\u00fcn vermeyen, 30 y\u0131ll\u0131k tecr\u00fcbenin alt\u0131n\u0131 sonuna kadar dolduran k\u00fc\u00e7\u00fck bir aile \u015firketine d\u00f6n\u00fc\u015ft\u00fck.<\/p>\n<p>Kalite ve vizyon en \u00f6nemli esas\u0131m\u0131zd\u0131r fakat daha \u00f6nemlisi de memnuniyettir.Memnuniyet esasl\u0131 i\u015f yapmak arzu ve se\u00e7icili\u011fimizdir.<\/p>\n<p>\u015eerifo\u011fullar\u0131 hizmette s\u0131n\u0131r yoktur felsefesini bir bankadan \u00f6\u011frenmi\u015f olsa da \u00e7ok benimsemi\u015ftir.[\/vc_column_text][\/vc_column][vc_column width=&#8221;1\/2&#8243;][vc_single_image image=&#8221;1148&#8243; img_size=&#8221;large&#8221;][\/vc_column][\/vc_row][vc_row overlay_dotted=&#8221;&#8221; el_class=&#8221;container brxy-itroduction&#8221; css=&#8221;.vc_custom_1493947813808{padding-bottom: 100px !important;}&#8221;][vc_column][vc_row_inner][vc_column_inner width=&#8221;1\/4&#8243;][vc_column_text]\u015eirket \u00dcnvan\u0131[\/vc_column_text][vc_column_text]Adres[\/vc_column_text][vc_column_text]Sicil No[\/vc_column_text][vc_column_text]Oda Sicil No[\/vc_column_text][vc_column_text]Mersis No[\/vc_column_text][\/vc_column_inner][vc_column_inner width=&#8221;3\/4&#8243;][vc_column_text]\u015eER\u0130FO\u011eULLARI CAM VE METAL SANAY\u0130 T\u0130CARET L\u0130M\u0130TED \u015e\u0130RKET\u0130[\/vc_column_text][vc_column_text]CUMHUR\u0130YET MAH.\u00c7AMLIK CAD. NO:3\/1A\/H BEYL\u0130KD\u00dcZ\u00dc[\/vc_column_text][vc_column_text]175368-5[\/vc_column_text][vc_column_text]1165151[\/vc_column_text][vc_column_text]810064411200001[\/vc_column_text][\/vc_column_inner][\/vc_row_inner][\/vc_column][\/vc_row][vc_row full_width=&#8221;stretch_row_content_no_spaces&#8221; parallax=&#8221;content-moving&#8221; parallax_speed_bg=&#8221;0.2&#8243; overlay_dotted=&#8221;&#8221;][vc_column]  <!-- brxy quote (style4, brxy parallax) -->\r\n  <div class=\"brxy-quote  brxy-parallax \"  data-image-src=\"https:\/\/serifogullari.com\/wp-content\/uploads\/2017\/05\/U1NhXqoDWSsvv1jUvtkdxbIcfJ3v3BgUODkuFEMD.jpeg\"  data-speed=\".2\" >\r\n    <div class=\"quote-wrap\"  style=\"background-color:rgba(0,0,0,0.5);\">\r\n      <div class=\"brxy-table-container\">\r\n        <div class=\"brxy-align-container\">\r\n          <div class=\"container\">\r\n            [vc_column_text]<div class=\"brxy-title quote-title brxy-title-69d0f8956838a\">Biz binalar\u0131n\u0131z\u0131 \u015fekillendiririz, onlar da sizi!<\/div>[\/vc_column_text]          <\/div>\r\n        <\/div>\r\n      <\/div>\r\n    <\/div>\r\n  <\/div>\r\n\r\n[\/vc_column][\/vc_row][vc_row full_width=&#8221;stretch_row_content_no_spaces&#8221; parallax=&#8221;content-moving&#8221; parallax_speed_bg=&#8221;0.2&#8243; overlay_dotted=&#8221;&#8221;][vc_column][\/vc_column][\/vc_row][vc_row overlay_dotted=&#8221;&#8221; css=&#8221;.vc_custom_1493949201500{margin-top: 120px !important;margin-bottom: 16px !important;}&#8221;][vc_column]\r\n          <div class=\"brxy-info-title  brxy-heading-69d0f895683c3 \">\r\n          <div class=\"info-title \">Y\u00f6netim Kurulu<\/div><\/div>    <div class=\"brxy-team  brxy-team-69d0f89568405 \"> <!-- team Starts -->\r\n      <div class=\"container\">\r\n        <div class=\"team-wrap\">\r\n          <div class=\"row\">\r\n                    <div class=\"col-lg-4 col-md-4 col-sm-12\">\r\n            <div class=\"mate-list\">\r\n              <div class=\"mate-picture\">\r\n                <div class=\"clearfix\"><img decoding=\"async\" src=\"https:\/\/serifogullari.com\/wp-content\/plugins\/brixey-core\/assets\/images\/mate.jpg\" alt=\"\"><\/div>\r\n                <div class=\"mate-links\">\r\n                  <div class=\"brxy-table-container\">\r\n                    <div class=\"brxy-align-container\">\r\n                      <div class=\"brxy-moving-wrap\">\r\n                                              <a href=\"#\">\r\n                          <i class=\"fa fa-linkedin\" aria-hidden=\"true\"><\/i>\r\n                        <\/a>\r\n                                            <\/div>\r\n                    <\/div>\r\n                  <\/div>\r\n                <\/div>\r\n              <\/div>\r\n              <div class=\"mate-info\">\r\n                <div class=\"mate-name\"><a href=\"#\">\u0130smail Ak\u00fclker<\/a><\/div><div class=\"mate-designation\">Sat\u0131n Alma ve Planlama <span>Kurucu Ortak<\/span><\/div>              <\/div>\r\n            <\/div>\r\n          <\/div>\r\n                      <div class=\"col-lg-4 col-md-4 col-sm-12\">\r\n            <div class=\"mate-list\">\r\n              <div class=\"mate-picture\">\r\n                <div class=\"clearfix\"><img decoding=\"async\" src=\"https:\/\/serifogullari.com\/wp-content\/plugins\/brixey-core\/assets\/images\/mate.jpg\" alt=\"\"><\/div>\r\n                <div class=\"mate-links\">\r\n                  <div class=\"brxy-table-container\">\r\n                    <div class=\"brxy-align-container\">\r\n                      <div class=\"brxy-moving-wrap\">\r\n                                              <a href=\"#\">\r\n                          <i class=\"fa fa-linkedin\" aria-hidden=\"true\"><\/i>\r\n                        <\/a>\r\n                                              <a href=\"\">\r\n                          <i class=\"\" aria-hidden=\"true\"><\/i>\r\n                        <\/a>\r\n                                              <a href=\"\">\r\n                          <i class=\"\" aria-hidden=\"true\"><\/i>\r\n                        <\/a>\r\n                                            <\/div>\r\n                    <\/div>\r\n                  <\/div>\r\n                <\/div>\r\n              <\/div>\r\n              <div class=\"mate-info\">\r\n                <div class=\"mate-name\"><a href=\"#\">Oktay Ak\u00fclker<\/a><\/div><div class=\"mate-designation\">Finans ve pazarlama <span>\u015eirket Orta\u011f\u0131<\/span><\/div>              <\/div>\r\n            <\/div>\r\n          <\/div>\r\n                      <\/div> <!-- row -->\r\n        <\/div> <!-- wrap -->\r\n      <\/div> <!-- container -->\r\n    <\/div> <!-- team End -->\r\n    [\/vc_column][\/vc_row][vc_row overlay_dotted=&#8221;&#8221; el_class=&#8221;container&#8221; css=&#8221;.vc_custom_1493949453688{padding-bottom: 95px !important;}&#8221;][vc_column css=&#8221;.vc_custom_1494849304124{padding-right: 0px !important;padding-left: 0px !important;}&#8221;]      <div class=\"brxy-staffs aligncenter brxy-staff-69d0f89568996\">\r\n        <h2 class=\"staff-type\">Ekibimiz<\/h2>        <div class=\"row\">\r\n                  <\/div>\r\n      <\/div>\r\n\r\n    [\/vc_column][\/vc_row]<\/p>\n","protected":false},"excerpt":{"rendered":"[vc_row overlay_dotted=&#8221;&#8221; el_class=&#8221;container about-picture&#8221; css=&#8221;.vc_custom_1594816299621{padding-right: 0px !important;padding-left: 0px !important;}&#8221;][vc_column css=&#8221;.vc_custom_1494849126707{padding-right: 0px !important;padding-left: 0px !important;}&#8221;][\/vc_column][\/vc_row][vc_row overlay_dotted=&#8221;&#8221; el_class=&#8221;container brxy-itroduction&#8221; css=&#8221;.vc_custom_1493947813808{padding-bottom: 100px !important;}&#8221;][vc_column width=&#8221;1\/2&#8243; css=&#8221;.vc_custom_1494849202195{padding-left: 0px !important;}&#8221;][vc_column_text] &#8220;Babadan o\u011fula, o\u011fuldan toruna 30 y\u0131ll\u0131k bir aile gelene\u011fidir \u015eerifo\u011fullar\u0131.&#8221; 30 y\u0131l \u00f6nce b\u00fcy\u00fcklerimizin ba\u015flatt\u0131\u011f\u0131 bu heyecan cam ve metal ustal\u0131\u011f\u0131yla ba\u015flad\u0131.G\u00fcn\u00fcm\u00fczde teknoloji ve sanat ile birle\u015ftirilerek kalite ve vizyondan \u00f6d\u00fcn&#8230;","protected":false},"author":1,"featured_media":0,"parent":0,"menu_order":0,"comment_status":"closed","ping_status":"closed","template":"","meta":{"footnotes":""},"class_list":["post-50","page","type-page","status-publish","hentry"],"_links":{"self":[{"href":"https:\/\/serifogullari.com\/index.php?rest_route=\/wp\/v2\/pages\/50","targetHints":{"allow":["GET"]}}],"collection":[{"href":"https:\/\/serifogullari.com\/index.php?rest_route=\/wp\/v2\/pages"}],"about":[{"href":"https:\/\/serifogullari.com\/index.php?rest_route=\/wp\/v2\/types\/page"}],"author":[{"embeddable":true,"href":"https:\/\/serifogullari.com\/index.php?rest_route=\/wp\/v2\/users\/1"}],"replies":[{"embeddable":true,"href":"https:\/\/serifogullari.com\/index.php?rest_route=%2Fwp%2Fv2%2Fcomments&post=50"}],"version-history":[{"count":22,"href":"https:\/\/serifogullari.com\/index.php?rest_route=\/wp\/v2\/pages\/50\/revisions"}],"predecessor-version":[{"id":1433,"href":"https:\/\/serifogullari.com\/index.php?rest_route=\/wp\/v2\/pages\/50\/revisions\/1433"}],"wp:attachment":[{"href":"https:\/\/serifogullari.com\/index.php?rest_route=%2Fwp%2Fv2%2Fmedia&parent=50"}],"curies":[{"name":"wp","href":"https:\/\/api.w.org\/{rel}","templated":true}]}}